{"id":9994,"date":"2020-04-15T13:19:01","date_gmt":"2020-04-15T16:19:01","guid":{"rendered":"https:\/\/enovafoods.com.br\/home\/"},"modified":"2025-03-07T09:41:34","modified_gmt":"2025-03-07T12:41:34","slug":"home","status":"publish","type":"page","link":"https:\/\/enovafoods.com.br\/es\/","title":{"rendered":"Home"},"content":{"rendered":"","protected":false},"excerpt":{"rendered":"","protected":false},"author":1,"featured_media":0,"parent":0,"menu_order":8,"comment_status":"closed","ping_status":"closed","template":"","meta":{"_acf_changed":false,"_uag_custom_page_level_css":"","footnotes":""},"class_list":["post-9994","page","type-page","status-publish","hentry"],"acf":[],"yoast_head":"<!-- This site is optimized with the Yoast SEO plugin v27.3 - https:\/\/yoast.com\/product\/yoast-seo-wordpress\/ -->\n<title>Enova Foods: Nutrici\u00f3n y el bienestar<\/title>\n<meta name=\"description\" content=\"Encuentra la mejor comida para toda la familia en cada momento. Calidad, innovaci\u00f3n, nutrici\u00f3n y bienestar son se\u00f1as de identidad de Enova Foods.\" \/>\n<meta name=\"robots\" content=\"index, follow, max-snippet:-1, max-image-preview:large, max-video-preview:-1\" \/>\n<link rel=\"canonical\" href=\"https:\/\/enovafoods.com.br\/es\/\" \/>\n<meta property=\"og:locale\" content=\"es_ES\" \/>\n<meta property=\"og:type\" content=\"article\" \/>\n<meta property=\"og:title\" content=\"Enova Foods: Nutrici\u00f3n y el bienestar\" \/>\n<meta property=\"og:description\" content=\"Encuentra la mejor comida para toda la familia en cada momento. Calidad, innovaci\u00f3n, nutrici\u00f3n y bienestar son se\u00f1as de identidad de Enova Foods.\" \/>\n<meta property=\"og:url\" content=\"https:\/\/enovafoods.com.br\/es\/\" \/>\n<meta property=\"og:site_name\" content=\"Enova Foods | Institucional\" \/>\n<meta property=\"article:modified_time\" content=\"2025-03-07T12:41:34+00:00\" \/>\n<meta name=\"twitter:card\" content=\"summary_large_image\" \/>\n<script type=\"application\/ld+json\" class=\"yoast-schema-graph\">{\"@context\":\"https:\\\/\\\/schema.org\",\"@graph\":[{\"@type\":\"WebPage\",\"@id\":\"https:\\\/\\\/enovafoods.com.br\\\/es\\\/\",\"url\":\"https:\\\/\\\/enovafoods.com.br\\\/es\\\/\",\"name\":\"Enova Foods: Nutrici\u00f3n y el bienestar\",\"isPartOf\":{\"@id\":\"https:\\\/\\\/enovafoods.com.br\\\/es\\\/#website\"},\"datePublished\":\"2020-04-15T16:19:01+00:00\",\"dateModified\":\"2025-03-07T12:41:34+00:00\",\"description\":\"Encuentra la mejor comida para toda la familia en cada momento. Calidad, innovaci\u00f3n, nutrici\u00f3n y bienestar son se\u00f1as de identidad de Enova Foods.\",\"breadcrumb\":{\"@id\":\"https:\\\/\\\/enovafoods.com.br\\\/es\\\/#breadcrumb\"},\"inLanguage\":\"es\",\"potentialAction\":[{\"@type\":\"ReadAction\",\"target\":[\"https:\\\/\\\/enovafoods.com.br\\\/es\\\/\"]}]},{\"@type\":\"BreadcrumbList\",\"@id\":\"https:\\\/\\\/enovafoods.com.br\\\/es\\\/#breadcrumb\",\"itemListElement\":[{\"@type\":\"ListItem\",\"position\":1,\"name\":\"In\u00edcio\",\"item\":\"https:\\\/\\\/enovafoods.com.br\\\/es\\\/\"},{\"@type\":\"ListItem\",\"position\":2,\"name\":\"Home\"}]},{\"@type\":\"WebSite\",\"@id\":\"https:\\\/\\\/enovafoods.com.br\\\/es\\\/#website\",\"url\":\"https:\\\/\\\/enovafoods.com.br\\\/es\\\/\",\"name\":\"Enova Foods | Institucional\",\"description\":\"Nutri\u00e7\u00e3o e bem-estar\",\"publisher\":{\"@id\":\"https:\\\/\\\/enovafoods.com.br\\\/es\\\/#organization\"},\"potentialAction\":[{\"@type\":\"SearchAction\",\"target\":{\"@type\":\"EntryPoint\",\"urlTemplate\":\"https:\\\/\\\/enovafoods.com.br\\\/es\\\/?s={search_term_string}\"},\"query-input\":{\"@type\":\"PropertyValueSpecification\",\"valueRequired\":true,\"valueName\":\"search_term_string\"}}],\"inLanguage\":\"es\"},{\"@type\":\"Organization\",\"@id\":\"https:\\\/\\\/enovafoods.com.br\\\/es\\\/#organization\",\"name\":\"Enova Foods | Institucional\",\"url\":\"https:\\\/\\\/enovafoods.com.br\\\/es\\\/\",\"logo\":{\"@type\":\"ImageObject\",\"inLanguage\":\"es\",\"@id\":\"https:\\\/\\\/enovafoods.com.br\\\/es\\\/#\\\/schema\\\/logo\\\/image\\\/\",\"url\":\"https:\\\/\\\/enovafoods.com.br\\\/wp-content\\\/uploads\\\/2023\\\/10\\\/logo__enova-1.png\",\"contentUrl\":\"https:\\\/\\\/enovafoods.com.br\\\/wp-content\\\/uploads\\\/2023\\\/10\\\/logo__enova-1.png\",\"width\":167,\"height\":180,\"caption\":\"Enova Foods | Institucional\"},\"image\":{\"@id\":\"https:\\\/\\\/enovafoods.com.br\\\/es\\\/#\\\/schema\\\/logo\\\/image\\\/\"}}]}<\/script>\n<!-- \/ Yoast SEO plugin. -->","yoast_head_json":{"title":"Enova Foods: Nutrici\u00f3n y el bienestar","description":"Encuentra la mejor comida para toda la familia en cada momento. Calidad, innovaci\u00f3n, nutrici\u00f3n y bienestar son se\u00f1as de identidad de Enova Foods.","robots":{"index":"index","follow":"follow","max-snippet":"max-snippet:-1","max-image-preview":"max-image-preview:large","max-video-preview":"max-video-preview:-1"},"canonical":"https:\/\/enovafoods.com.br\/es\/","og_locale":"es_ES","og_type":"article","og_title":"Enova Foods: Nutrici\u00f3n y el bienestar","og_description":"Encuentra la mejor comida para toda la familia en cada momento. Calidad, innovaci\u00f3n, nutrici\u00f3n y bienestar son se\u00f1as de identidad de Enova Foods.","og_url":"https:\/\/enovafoods.com.br\/es\/","og_site_name":"Enova Foods | Institucional","article_modified_time":"2025-03-07T12:41:34+00:00","twitter_card":"summary_large_image","schema":{"@context":"https:\/\/schema.org","@graph":[{"@type":"WebPage","@id":"https:\/\/enovafoods.com.br\/es\/","url":"https:\/\/enovafoods.com.br\/es\/","name":"Enova Foods: Nutrici\u00f3n y el bienestar","isPartOf":{"@id":"https:\/\/enovafoods.com.br\/es\/#website"},"datePublished":"2020-04-15T16:19:01+00:00","dateModified":"2025-03-07T12:41:34+00:00","description":"Encuentra la mejor comida para toda la familia en cada momento. Calidad, innovaci\u00f3n, nutrici\u00f3n y bienestar son se\u00f1as de identidad de Enova Foods.","breadcrumb":{"@id":"https:\/\/enovafoods.com.br\/es\/#breadcrumb"},"inLanguage":"es","potentialAction":[{"@type":"ReadAction","target":["https:\/\/enovafoods.com.br\/es\/"]}]},{"@type":"BreadcrumbList","@id":"https:\/\/enovafoods.com.br\/es\/#breadcrumb","itemListElement":[{"@type":"ListItem","position":1,"name":"In\u00edcio","item":"https:\/\/enovafoods.com.br\/es\/"},{"@type":"ListItem","position":2,"name":"Home"}]},{"@type":"WebSite","@id":"https:\/\/enovafoods.com.br\/es\/#website","url":"https:\/\/enovafoods.com.br\/es\/","name":"Enova Foods | Institucional","description":"Nutri\u00e7\u00e3o e bem-estar","publisher":{"@id":"https:\/\/enovafoods.com.br\/es\/#organization"},"potentialAction":[{"@type":"SearchAction","target":{"@type":"EntryPoint","urlTemplate":"https:\/\/enovafoods.com.br\/es\/?s={search_term_string}"},"query-input":{"@type":"PropertyValueSpecification","valueRequired":true,"valueName":"search_term_string"}}],"inLanguage":"es"},{"@type":"Organization","@id":"https:\/\/enovafoods.com.br\/es\/#organization","name":"Enova Foods | Institucional","url":"https:\/\/enovafoods.com.br\/es\/","logo":{"@type":"ImageObject","inLanguage":"es","@id":"https:\/\/enovafoods.com.br\/es\/#\/schema\/logo\/image\/","url":"https:\/\/enovafoods.com.br\/wp-content\/uploads\/2023\/10\/logo__enova-1.png","contentUrl":"https:\/\/enovafoods.com.br\/wp-content\/uploads\/2023\/10\/logo__enova-1.png","width":167,"height":180,"caption":"Enova Foods | Institucional"},"image":{"@id":"https:\/\/enovafoods.com.br\/es\/#\/schema\/logo\/image\/"}}]}},"uagb_featured_image_src":{"full":false,"thumbnail":false,"medium":false,"medium_large":false,"large":false,"1536x1536":false,"2048x2048":false,"gform-image-choice-sm":false,"gform-image-choice-md":false,"gform-image-choice-lg":false},"uagb_author_info":{"display_name":"@crpmango","author_link":"https:\/\/enovafoods.com.br\/es\/author\/crpmango\/"},"uagb_comment_info":0,"uagb_excerpt":null,"_links":{"self":[{"href":"https:\/\/enovafoods.com.br\/es\/wp-json\/wp\/v2\/pages\/9994","targetHints":{"allow":["GET"]}}],"collection":[{"href":"https:\/\/enovafoods.com.br\/es\/wp-json\/wp\/v2\/pages"}],"about":[{"href":"https:\/\/enovafoods.com.br\/es\/wp-json\/wp\/v2\/types\/page"}],"author":[{"embeddable":true,"href":"https:\/\/enovafoods.com.br\/es\/wp-json\/wp\/v2\/users\/1"}],"replies":[{"embeddable":true,"href":"https:\/\/enovafoods.com.br\/es\/wp-json\/wp\/v2\/comments?post=9994"}],"version-history":[{"count":5,"href":"https:\/\/enovafoods.com.br\/es\/wp-json\/wp\/v2\/pages\/9994\/revisions"}],"predecessor-version":[{"id":11199,"href":"https:\/\/enovafoods.com.br\/es\/wp-json\/wp\/v2\/pages\/9994\/revisions\/11199"}],"wp:attachment":[{"href":"https:\/\/enovafoods.com.br\/es\/wp-json\/wp\/v2\/media?parent=9994"}],"curies":[{"name":"wp","href":"https:\/\/api.w.org\/{rel}","templated":true}]}}